{"id":102,"date":"2021-02-21T18:37:06","date_gmt":"2021-02-21T18:37:06","guid":{"rendered":"https:\/\/creativegraphic.ch\/?page_id=102"},"modified":"2021-04-11T16:56:58","modified_gmt":"2021-04-11T16:56:58","slug":"home","status":"publish","type":"page","link":"https:\/\/creativegraphic.ch\/","title":{"rendered":"Home"},"content":{"rendered":"\t\t<div data-elementor-type=\"wp-post\" data-elementor-id=\"102\" class=\"elementor elementor-102\">\n\t\t\t\t\t\t<section class=\"elementor-section elementor-top-section elementor-element elementor-element-2b1ccc6 elementor-section-height-min-height elementor-section-boxed elementor-section-height-default elementor-section-items-middle elementor-invisible\" data-id=\"2b1ccc6\" data-element_type=\"section\" data-e-type=\"section\" data-settings=\"{&quot;background_background&quot;:&quot;classic&quot;,&quot;animation&quot;:&quot;fadeIn&quot;}\">\n\t\t\t\t\t\t<div class=\"elementor-container elementor-column-gap-default\">\n\t\t\t\t\t<div class=\"elementor-column elementor-col-100 elementor-top-column elementor-element elementor-element-929b3e6\" data-id=\"929b3e6\" data-element_type=\"column\" data-e-type=\"column\" data-settings=\"{&quot;animation&quot;:&quot;none&quot;}\">\n\t\t\t<div class=\"elementor-widget-wrap elementor-element-populated\">\n\t\t\t\t\t\t<div class=\"elementor-element elementor-element-b07ff5c elementor-widget elementor-widget-heading\" data-id=\"b07ff5c\" data-element_type=\"widget\" data-e-type=\"widget\" data-widget_type=\"heading.default\">\n\t\t\t\t<div class=\"elementor-widget-container\">\n\t\t\t\t\t<h2 class=\"elementor-heading-title elementor-size-default\">Creative Graphic<\/h2>\t\t\t\t<\/div>\n\t\t\t\t<\/div>\n\t\t\t\t<div class=\"elementor-element elementor-element-c74b162 elementor-widget elementor-widget-heading\" data-id=\"c74b162\" data-element_type=\"widget\" data-e-type=\"widget\" data-widget_type=\"heading.default\">\n\t\t\t\t<div class=\"elementor-widget-container\">\n\t\t\t\t\t<h2 class=\"elementor-heading-title elementor-size-default\">Adriana Colombu<\/h2>\t\t\t\t<\/div>\n\t\t\t\t<\/div>\n\t\t\t\t\t<\/div>\n\t\t<\/div>\n\t\t\t\t\t<\/div>\n\t\t<\/section>\n\t\t\t\t<section class=\"elementor-section elementor-top-section elementor-element elementor-element-7af3af3 elementor-hidden-phone elementor-section-boxed elementor-section-height-default elementor-section-height-default\" data-id=\"7af3af3\" data-element_type=\"section\" data-e-type=\"section\">\n\t\t\t\t\t\t<div class=\"elementor-container elementor-column-gap-default\">\n\t\t\t\t\t<div class=\"elementor-column elementor-col-100 elementor-top-column elementor-element elementor-element-41df09e\" data-id=\"41df09e\" data-element_type=\"column\" data-e-type=\"column\">\n\t\t\t<div class=\"elementor-widget-wrap elementor-element-populated\">\n\t\t\t\t\t\t<div class=\"elementor-element elementor-element-28007b6 elementor-widget elementor-widget-image\" data-id=\"28007b6\" data-element_type=\"widget\" data-e-type=\"widget\" data-widget_type=\"image.default\">\n\t\t\t\t<div class=\"elementor-widget-container\">\n\t\t\t\t\t\t\t\t\t\t\t\t\t\t\t<img fetchpriority=\"high\" decoding=\"async\" width=\"750\" height=\"750\" src=\"https:\/\/creativegraphic.ch\/wp-content\/uploads\/2021\/04\/etiketten_beispiel-1024x1024.jpg\" class=\"attachment-large size-large wp-image-602\" alt=\"\" srcset=\"https:\/\/creativegraphic.ch\/wp-content\/uploads\/2021\/04\/etiketten_beispiel-1024x1024.jpg 1024w, https:\/\/creativegraphic.ch\/wp-content\/uploads\/2021\/04\/etiketten_beispiel-300x300.jpg 300w, https:\/\/creativegraphic.ch\/wp-content\/uploads\/2021\/04\/etiketten_beispiel-150x150.jpg 150w, https:\/\/creativegraphic.ch\/wp-content\/uploads\/2021\/04\/etiketten_beispiel-768x768.jpg 768w, https:\/\/creativegraphic.ch\/wp-content\/uploads\/2021\/04\/etiketten_beispiel-1536x1536.jpg 1536w, https:\/\/creativegraphic.ch\/wp-content\/uploads\/2021\/04\/etiketten_beispiel-2048x2048.jpg 2048w, https:\/\/creativegraphic.ch\/wp-content\/uploads\/2021\/04\/etiketten_beispiel-1568x1568.jpg 1568w\" sizes=\"(max-width: 750px) 100vw, 750px\" style=\"width:100%;height:100%;max-width:2363px\" \/>\t\t\t\t\t\t\t\t\t\t\t\t\t\t\t<\/div>\n\t\t\t\t<\/div>\n\t\t\t\t\t<\/div>\n\t\t<\/div>\n\t\t\t\t\t<\/div>\n\t\t<\/section>\n\t\t\t\t<section class=\"elementor-section elementor-top-section elementor-element elementor-element-02fa14f elementor-hidden-phone elementor-section-boxed elementor-section-height-default elementor-section-height-default\" data-id=\"02fa14f\" data-element_type=\"section\" data-e-type=\"section\">\n\t\t\t\t\t\t<div class=\"elementor-container elementor-column-gap-default\">\n\t\t\t\t\t<div class=\"elementor-column elementor-col-100 elementor-top-column elementor-element elementor-element-66cd0b6\" data-id=\"66cd0b6\" data-element_type=\"column\" data-e-type=\"column\">\n\t\t\t<div class=\"elementor-widget-wrap elementor-element-populated\">\n\t\t\t\t\t\t<div class=\"elementor-element elementor-element-6fc7521 elementor-widget elementor-widget-image\" data-id=\"6fc7521\" data-element_type=\"widget\" data-e-type=\"widget\" data-widget_type=\"image.default\">\n\t\t\t\t<div class=\"elementor-widget-container\">\n\t\t\t\t\t\t\t\t\t\t\t\t\t\t\t<img decoding=\"async\" width=\"750\" height=\"750\" src=\"https:\/\/creativegraphic.ch\/wp-content\/uploads\/2021\/04\/special_edizion_DE-1024x1024.jpg\" class=\"attachment-large size-large wp-image-601\" alt=\"\" srcset=\"https:\/\/creativegraphic.ch\/wp-content\/uploads\/2021\/04\/special_edizion_DE-1024x1024.jpg 1024w, https:\/\/creativegraphic.ch\/wp-content\/uploads\/2021\/04\/special_edizion_DE-300x300.jpg 300w, https:\/\/creativegraphic.ch\/wp-content\/uploads\/2021\/04\/special_edizion_DE-150x150.jpg 150w, https:\/\/creativegraphic.ch\/wp-content\/uploads\/2021\/04\/special_edizion_DE-768x768.jpg 768w, https:\/\/creativegraphic.ch\/wp-content\/uploads\/2021\/04\/special_edizion_DE-1536x1536.jpg 1536w, https:\/\/creativegraphic.ch\/wp-content\/uploads\/2021\/04\/special_edizion_DE-2048x2048.jpg 2048w, https:\/\/creativegraphic.ch\/wp-content\/uploads\/2021\/04\/special_edizion_DE-1568x1568.jpg 1568w\" sizes=\"(max-width: 750px) 100vw, 750px\" style=\"width:100%;height:100%;max-width:2363px\" \/>\t\t\t\t\t\t\t\t\t\t\t\t\t\t\t<\/div>\n\t\t\t\t<\/div>\n\t\t\t\t\t<\/div>\n\t\t<\/div>\n\t\t\t\t\t<\/div>\n\t\t<\/section>\n\t\t\t\t<section class=\"elementor-section elementor-top-section elementor-element elementor-element-063ac1c elementor-hidden-desktop elementor-hidden-tablet elementor-section-boxed elementor-section-height-default elementor-section-height-default\" data-id=\"063ac1c\" data-element_type=\"section\" data-e-type=\"section\">\n\t\t\t\t\t\t<div class=\"elementor-container elementor-column-gap-default\">\n\t\t\t\t\t<div class=\"elementor-column elementor-col-100 elementor-top-column elementor-element elementor-element-b4dd203\" data-id=\"b4dd203\" data-element_type=\"column\" data-e-type=\"column\">\n\t\t\t<div class=\"elementor-widget-wrap elementor-element-populated\">\n\t\t\t\t\t\t<div class=\"elementor-element elementor-element-e2aaa2a elementor-widget elementor-widget-image\" data-id=\"e2aaa2a\" data-element_type=\"widget\" data-e-type=\"widget\" data-widget_type=\"image.default\">\n\t\t\t\t<div class=\"elementor-widget-container\">\n\t\t\t\t\t\t\t\t\t\t\t\t\t\t\t\t<a href=\"https:\/\/creativegraphic.ch\/wp-content\/uploads\/2021\/04\/special_edizion_DE.jpg\" data-elementor-open-lightbox=\"yes\" data-elementor-lightbox-title=\"special_edizion_DE\" data-e-action-hash=\"#elementor-action%3Aaction%3Dlightbox%26settings%3DeyJpZCI6NjAxLCJ1cmwiOiJodHRwczpcL1wvY3JlYXRpdmVncmFwaGljLmNoXC93cC1jb250ZW50XC91cGxvYWRzXC8yMDIxXC8wNFwvc3BlY2lhbF9lZGl6aW9uX0RFLmpwZyJ9\">\n\t\t\t\t\t\t\t<img decoding=\"async\" width=\"750\" height=\"750\" src=\"https:\/\/creativegraphic.ch\/wp-content\/uploads\/2021\/04\/special_edizion_DE-1024x1024.jpg\" class=\"attachment-large size-large wp-image-601\" alt=\"\" srcset=\"https:\/\/creativegraphic.ch\/wp-content\/uploads\/2021\/04\/special_edizion_DE-1024x1024.jpg 1024w, https:\/\/creativegraphic.ch\/wp-content\/uploads\/2021\/04\/special_edizion_DE-300x300.jpg 300w, https:\/\/creativegraphic.ch\/wp-content\/uploads\/2021\/04\/special_edizion_DE-150x150.jpg 150w, https:\/\/creativegraphic.ch\/wp-content\/uploads\/2021\/04\/special_edizion_DE-768x768.jpg 768w, https:\/\/creativegraphic.ch\/wp-content\/uploads\/2021\/04\/special_edizion_DE-1536x1536.jpg 1536w, https:\/\/creativegraphic.ch\/wp-content\/uploads\/2021\/04\/special_edizion_DE-2048x2048.jpg 2048w, https:\/\/creativegraphic.ch\/wp-content\/uploads\/2021\/04\/special_edizion_DE-1568x1568.jpg 1568w\" sizes=\"(max-width: 750px) 100vw, 750px\" style=\"width:100%;height:100%;max-width:2363px\" \/>\t\t\t\t\t\t\t\t<\/a>\n\t\t\t\t\t\t\t\t\t\t\t\t\t\t\t<\/div>\n\t\t\t\t<\/div>\n\t\t\t\t\t<\/div>\n\t\t<\/div>\n\t\t\t\t\t<\/div>\n\t\t<\/section>\n\t\t\t\t<section class=\"elementor-section elementor-top-section elementor-element elementor-element-3e0c3b4 elementor-section-boxed elementor-section-height-default elementor-section-height-default\" data-id=\"3e0c3b4\" data-element_type=\"section\" data-e-type=\"section\">\n\t\t\t\t\t\t<div class=\"elementor-container elementor-column-gap-default\">\n\t\t\t\t\t<div class=\"elementor-column elementor-col-100 elementor-top-column elementor-element elementor-element-c987fba\" data-id=\"c987fba\" data-element_type=\"column\" data-e-type=\"column\">\n\t\t\t<div class=\"elementor-widget-wrap elementor-element-populated\">\n\t\t\t\t\t\t<div class=\"elementor-element elementor-element-b532339 elementor-widget elementor-widget-heading\" data-id=\"b532339\" data-element_type=\"widget\" data-e-type=\"widget\" data-widget_type=\"heading.default\">\n\t\t\t\t<div class=\"elementor-widget-container\">\n\t\t\t\t\t<h2 class=\"elementor-heading-title elementor-size-default\">Zeichnen, Grafiken und Logos<\/h2>\t\t\t\t<\/div>\n\t\t\t\t<\/div>\n\t\t\t\t<div class=\"elementor-element elementor-element-37dc59f elementor-widget elementor-widget-text-editor\" data-id=\"37dc59f\" data-element_type=\"widget\" data-e-type=\"widget\" data-widget_type=\"text-editor.default\">\n\t\t\t\t<div class=\"elementor-widget-container\">\n\t\t\t\t\t\t\t\t\t<p style=\"text-align: left;\">Kreativit\u00e4t und eine gute Kommunikation f\u00fchrt zum gew\u00fcnschten Ergebnis. Von Werbegrafiken, \u00fcber Logos, bis hin zu handgezeichnete Zeichnungen biete ich Ihnen alles an. Im Portfolio Bereich finden Sie verschiedene Referenzen \u00fcber meine Arbeiten. Egal ob altmodisch oder modern, mein Stil wird auf Ihre Bed\u00fcrfnisse angepasst.<\/p><p>\u00a0<\/p><p style=\"text-align: left;\">Falls Ihr Unternehmen, oder Ihr Hobby, eine grafische Unterst\u00fctzung ben\u00f6tigt und ich Ihre Interesse geweckt habe, dann stehe ich Ihnen gerne \u00fcber das Kontaktformular zur Verf\u00fcgung.<\/p>\t\t\t\t\t\t\t\t<\/div>\n\t\t\t\t<\/div>\n\t\t\t\t\t<\/div>\n\t\t<\/div>\n\t\t\t\t\t<\/div>\n\t\t<\/section>\n\t\t\t\t<section class=\"elementor-section elementor-top-section elementor-element elementor-element-a10a7b0 elementor-section-boxed elementor-section-height-default elementor-section-height-default\" data-id=\"a10a7b0\" data-element_type=\"section\" data-e-type=\"section\">\n\t\t\t\t\t\t<div class=\"elementor-container elementor-column-gap-default\">\n\t\t\t\t\t<div class=\"elementor-column elementor-col-33 elementor-top-column elementor-element elementor-element-989b697\" data-id=\"989b697\" data-element_type=\"column\" data-e-type=\"column\">\n\t\t\t<div class=\"elementor-widget-wrap elementor-element-populated\">\n\t\t\t\t\t\t<div class=\"elementor-element elementor-element-7c7b597 elementor-align-justify elementor-invisible elementor-widget elementor-widget-button\" data-id=\"7c7b597\" data-element_type=\"widget\" data-e-type=\"widget\" data-settings=\"{&quot;_animation&quot;:&quot;fadeIn&quot;}\" data-widget_type=\"button.default\">\n\t\t\t\t<div class=\"elementor-widget-container\">\n\t\t\t\t\t\t\t\t\t<div class=\"elementor-button-wrapper\">\n\t\t\t\t\t<a class=\"elementor-button elementor-button-link elementor-size-sm\" href=\"https:\/\/creativegraphic.ch\/index.php\/portfolio\/\">\n\t\t\t\t\t\t<span class=\"elementor-button-content-wrapper\">\n\t\t\t\t\t\t\t\t\t<span class=\"elementor-button-text\">Portfolio<\/span>\n\t\t\t\t\t<\/span>\n\t\t\t\t\t<\/a>\n\t\t\t\t<\/div>\n\t\t\t\t\t\t\t\t<\/div>\n\t\t\t\t<\/div>\n\t\t\t\t\t<\/div>\n\t\t<\/div>\n\t\t\t\t<div class=\"elementor-column elementor-col-33 elementor-top-column elementor-element elementor-element-2bb0742\" data-id=\"2bb0742\" data-element_type=\"column\" data-e-type=\"column\">\n\t\t\t<div class=\"elementor-widget-wrap elementor-element-populated\">\n\t\t\t\t\t\t<div class=\"elementor-element elementor-element-e0f958e elementor-align-justify elementor-invisible elementor-widget elementor-widget-button\" data-id=\"e0f958e\" data-element_type=\"widget\" data-e-type=\"widget\" data-settings=\"{&quot;_animation&quot;:&quot;fadeIn&quot;,&quot;_animation_delay&quot;:500}\" data-widget_type=\"button.default\">\n\t\t\t\t<div class=\"elementor-widget-container\">\n\t\t\t\t\t\t\t\t\t<div class=\"elementor-button-wrapper\">\n\t\t\t\t\t<a class=\"elementor-button elementor-button-link elementor-size-sm\" href=\"https:\/\/creativegraphic.ch\/index.php\/ueber-mich\/\">\n\t\t\t\t\t\t<span class=\"elementor-button-content-wrapper\">\n\t\t\t\t\t\t\t\t\t<span class=\"elementor-button-text\">\u00dcber mich<\/span>\n\t\t\t\t\t<\/span>\n\t\t\t\t\t<\/a>\n\t\t\t\t<\/div>\n\t\t\t\t\t\t\t\t<\/div>\n\t\t\t\t<\/div>\n\t\t\t\t\t<\/div>\n\t\t<\/div>\n\t\t\t\t<div class=\"elementor-column elementor-col-33 elementor-top-column elementor-element elementor-element-e90472b\" data-id=\"e90472b\" data-element_type=\"column\" data-e-type=\"column\">\n\t\t\t<div class=\"elementor-widget-wrap elementor-element-populated\">\n\t\t\t\t\t\t<div class=\"elementor-element elementor-element-934b981 elementor-align-justify elementor-invisible elementor-widget elementor-widget-button\" data-id=\"934b981\" data-element_type=\"widget\" data-e-type=\"widget\" data-settings=\"{&quot;_animation&quot;:&quot;fadeIn&quot;,&quot;_animation_delay&quot;:1000}\" data-widget_type=\"button.default\">\n\t\t\t\t<div class=\"elementor-widget-container\">\n\t\t\t\t\t\t\t\t\t<div class=\"elementor-button-wrapper\">\n\t\t\t\t\t<a class=\"elementor-button elementor-button-link elementor-size-sm\" href=\"https:\/\/creativegraphic.ch\/index.php\/kontakt\/\">\n\t\t\t\t\t\t<span class=\"elementor-button-content-wrapper\">\n\t\t\t\t\t\t\t\t\t<span class=\"elementor-button-text\">Kontakt<\/span>\n\t\t\t\t\t<\/span>\n\t\t\t\t\t<\/a>\n\t\t\t\t<\/div>\n\t\t\t\t\t\t\t\t<\/div>\n\t\t\t\t<\/div>\n\t\t\t\t\t<\/div>\n\t\t<\/div>\n\t\t\t\t\t<\/div>\n\t\t<\/section>\n\t\t\t\t<section class=\"elementor-section elementor-top-section elementor-element elementor-element-8b2cde2 elementor-section-height-min-height elementor-hidden-phone elementor-section-boxed elementor-section-height-default elementor-section-items-middle\" data-id=\"8b2cde2\" data-element_type=\"section\" data-e-type=\"section\">\n\t\t\t\t\t\t<div class=\"elementor-container elementor-column-gap-default\">\n\t\t\t\t\t<div class=\"elementor-column elementor-col-100 elementor-top-column elementor-element elementor-element-1ee310d\" data-id=\"1ee310d\" data-element_type=\"column\" data-e-type=\"column\">\n\t\t\t<div class=\"elementor-widget-wrap elementor-element-populated\">\n\t\t\t\t\t\t<div class=\"elementor-element elementor-element-9712bc0 elementor-hidden-phone elementor-arrows-position-inside elementor-widget elementor-widget-image-carousel\" data-id=\"9712bc0\" data-element_type=\"widget\" data-e-type=\"widget\" data-settings=\"{&quot;navigation&quot;:&quot;arrows&quot;,&quot;slides_to_show&quot;:&quot;3&quot;,&quot;autoplay&quot;:&quot;yes&quot;,&quot;pause_on_hover&quot;:&quot;yes&quot;,&quot;pause_on_interaction&quot;:&quot;yes&quot;,&quot;autoplay_speed&quot;:5000,&quot;infinite&quot;:&quot;yes&quot;,&quot;speed&quot;:500,&quot;image_spacing_custom&quot;:{&quot;unit&quot;:&quot;px&quot;,&quot;size&quot;:20,&quot;sizes&quot;:[]},&quot;image_spacing_custom_tablet&quot;:{&quot;unit&quot;:&quot;px&quot;,&quot;size&quot;:&quot;&quot;,&quot;sizes&quot;:[]},&quot;image_spacing_custom_mobile&quot;:{&quot;unit&quot;:&quot;px&quot;,&quot;size&quot;:&quot;&quot;,&quot;sizes&quot;:[]}}\" data-widget_type=\"image-carousel.default\">\n\t\t\t\t<div class=\"elementor-widget-container\">\n\t\t\t\t\t\t\t<div class=\"elementor-image-carousel-wrapper swiper\" role=\"region\" aria-roledescription=\"carousel\" aria-label=\"Bild Karussell\" dir=\"ltr\">\n\t\t\t<div class=\"elementor-image-carousel swiper-wrapper\" aria-live=\"off\">\n\t\t\t\t\t\t\t\t<div class=\"swiper-slide\" role=\"group\" aria-roledescription=\"slide\" aria-label=\"1 von 5\"><a data-elementor-open-lightbox=\"yes\" data-elementor-lightbox-slideshow=\"9712bc0\" data-elementor-lightbox-title=\"kontakt\" data-e-action-hash=\"#elementor-action%3Aaction%3Dlightbox%26settings%3DeyJpZCI6NTE3LCJ1cmwiOiJodHRwczpcL1wvY3JlYXRpdmVncmFwaGljLmNoXC93cC1jb250ZW50XC91cGxvYWRzXC8yMDIxXC8wM1wva29udGFrdC5qcGciLCJzbGlkZXNob3ciOiI5NzEyYmMwIn0%3D\" href=\"https:\/\/creativegraphic.ch\/wp-content\/uploads\/2021\/03\/kontakt.jpg\"><figure class=\"swiper-slide-inner\"><img decoding=\"async\" class=\"swiper-slide-image\" src=\"https:\/\/creativegraphic.ch\/wp-content\/uploads\/2021\/03\/kontakt.jpg\" alt=\"kontakt\" \/><\/figure><\/a><\/div><div class=\"swiper-slide\" role=\"group\" aria-roledescription=\"slide\" aria-label=\"2 von 5\"><a data-elementor-open-lightbox=\"yes\" data-elementor-lightbox-slideshow=\"9712bc0\" data-elementor-lightbox-title=\"SITTING-MAN-01\" data-e-action-hash=\"#elementor-action%3Aaction%3Dlightbox%26settings%3DeyJpZCI6NTA2LCJ1cmwiOiJodHRwczpcL1wvY3JlYXRpdmVncmFwaGljLmNoXC93cC1jb250ZW50XC91cGxvYWRzXC8yMDIxXC8wM1wvU0lUVElORy1NQU4tMDEtc2NhbGVkLmpwZyIsInNsaWRlc2hvdyI6Ijk3MTJiYzAifQ%3D%3D\" href=\"https:\/\/creativegraphic.ch\/wp-content\/uploads\/2021\/03\/SITTING-MAN-01-scaled.jpg\"><figure class=\"swiper-slide-inner\"><img decoding=\"async\" class=\"swiper-slide-image\" src=\"https:\/\/creativegraphic.ch\/wp-content\/uploads\/2021\/03\/SITTING-MAN-01-scaled.jpg\" alt=\"SITTING-MAN-01\" \/><\/figure><\/a><\/div><div class=\"swiper-slide\" role=\"group\" aria-roledescription=\"slide\" aria-label=\"3 von 5\"><a data-elementor-open-lightbox=\"yes\" data-elementor-lightbox-slideshow=\"9712bc0\" data-elementor-lightbox-title=\"20210302_112102\" data-e-action-hash=\"#elementor-action%3Aaction%3Dlightbox%26settings%3DeyJpZCI6NDU1LCJ1cmwiOiJodHRwczpcL1wvY3JlYXRpdmVncmFwaGljLmNoXC93cC1jb250ZW50XC91cGxvYWRzXC8yMDIxXC8wM1wvMjAyMTAzMDJfMTEyMTAyLXNjYWxlZC5qcGciLCJzbGlkZXNob3ciOiI5NzEyYmMwIn0%3D\" href=\"https:\/\/creativegraphic.ch\/wp-content\/uploads\/2021\/03\/20210302_112102-scaled.jpg\"><figure class=\"swiper-slide-inner\"><img decoding=\"async\" class=\"swiper-slide-image\" src=\"https:\/\/creativegraphic.ch\/wp-content\/uploads\/2021\/03\/20210302_112102-scaled.jpg\" alt=\"20210302_112102\" \/><\/figure><\/a><\/div><div class=\"swiper-slide\" role=\"group\" aria-roledescription=\"slide\" aria-label=\"4 von 5\"><a data-elementor-open-lightbox=\"yes\" data-elementor-lightbox-slideshow=\"9712bc0\" data-elementor-lightbox-title=\"pigiama-2_Zeichenfl\u00e4che 1\" data-e-action-hash=\"#elementor-action%3Aaction%3Dlightbox%26settings%3DeyJpZCI6MTQ2LCJ1cmwiOiJodHRwczpcL1wvY3JlYXRpdmVncmFwaGljLmNoXC93cC1jb250ZW50XC91cGxvYWRzXC8yMDIxXC8wMlwvcGlnaWFtYS0yX1plaWNoZW5mbGFlY2hlLTEuanBnIiwic2xpZGVzaG93IjoiOTcxMmJjMCJ9\" href=\"https:\/\/creativegraphic.ch\/wp-content\/uploads\/2021\/02\/pigiama-2_Zeichenflaeche-1.jpg\"><figure class=\"swiper-slide-inner\"><img decoding=\"async\" class=\"swiper-slide-image\" src=\"https:\/\/creativegraphic.ch\/wp-content\/uploads\/2021\/02\/pigiama-2_Zeichenflaeche-1.jpg\" alt=\"pigiama-2_Zeichenfl\u00e4che 1\" \/><\/figure><\/a><\/div><div class=\"swiper-slide\" role=\"group\" aria-roledescription=\"slide\" aria-label=\"5 von 5\"><a data-elementor-open-lightbox=\"yes\" data-elementor-lightbox-slideshow=\"9712bc0\" data-elementor-lightbox-title=\"Budapest-Logo-Schwarz\" data-e-action-hash=\"#elementor-action%3Aaction%3Dlightbox%26settings%3DeyJpZCI6NTQyLCJ1cmwiOiJodHRwczpcL1wvY3JlYXRpdmVncmFwaGljLmNoXC93cC1jb250ZW50XC91cGxvYWRzXC8yMDIxXC8wM1wvQnVkYXBlc3QtTG9nby1TY2h3YXJ6LnBuZyIsInNsaWRlc2hvdyI6Ijk3MTJiYzAifQ%3D%3D\" href=\"https:\/\/creativegraphic.ch\/wp-content\/uploads\/2021\/03\/Budapest-Logo-Schwarz.png\"><figure class=\"swiper-slide-inner\"><img decoding=\"async\" class=\"swiper-slide-image\" src=\"https:\/\/creativegraphic.ch\/wp-content\/uploads\/2021\/03\/Budapest-Logo-Schwarz.png\" alt=\"Budapest-Logo-Schwarz\" \/><\/figure><\/a><\/div>\t\t\t<\/div>\n\t\t\t\t\t\t\t\t\t\t\t\t<div class=\"elementor-swiper-button elementor-swiper-button-prev\" role=\"button\" tabindex=\"0\">\n\t\t\t\t\t\t<i aria-hidden=\"true\" class=\"eicon-chevron-left\"><\/i>\t\t\t\t\t<\/div>\n\t\t\t\t\t<div class=\"elementor-swiper-button elementor-swiper-button-next\" role=\"button\" tabindex=\"0\">\n\t\t\t\t\t\t<i aria-hidden=\"true\" class=\"eicon-chevron-right\"><\/i>\t\t\t\t\t<\/div>\n\t\t\t\t\n\t\t\t\t\t\t\t\t\t<\/div>\n\t\t\t\t\t\t<\/div>\n\t\t\t\t<\/div>\n\t\t\t\t\t<\/div>\n\t\t<\/div>\n\t\t\t\t\t<\/div>\n\t\t<\/section>\n\t\t\t\t<section class=\"elementor-section elementor-top-section elementor-element elementor-element-5fb211f elementor-section-height-min-height elementor-section-boxed elementor-section-height-default elementor-section-items-middle\" data-id=\"5fb211f\" data-element_type=\"section\" data-e-type=\"section\" data-settings=\"{&quot;background_background&quot;:&quot;classic&quot;}\">\n\t\t\t\t\t\t<div class=\"elementor-container elementor-column-gap-default\">\n\t\t\t\t\t<div class=\"elementor-column elementor-col-50 elementor-top-column elementor-element elementor-element-b5d94b1\" data-id=\"b5d94b1\" data-element_type=\"column\" data-e-type=\"column\">\n\t\t\t<div class=\"elementor-widget-wrap elementor-element-populated\">\n\t\t\t\t\t\t<div class=\"elementor-element elementor-element-387d197 elementor-hidden-phone elementor-widget elementor-widget-heading\" data-id=\"387d197\" data-element_type=\"widget\" data-e-type=\"widget\" data-widget_type=\"heading.default\">\n\t\t\t\t<div class=\"elementor-widget-container\">\n\t\t\t\t\t<h2 class=\"elementor-heading-title elementor-size-default\"><a href=\"https:\/\/creativegraphic.ch\/\">Home<\/a><\/h2>\t\t\t\t<\/div>\n\t\t\t\t<\/div>\n\t\t\t\t<div class=\"elementor-element elementor-element-e299b7b elementor-hidden-tablet elementor-hidden-phone elementor-widget-divider--view-line elementor-widget elementor-widget-divider\" data-id=\"e299b7b\" data-element_type=\"widget\" data-e-type=\"widget\" data-widget_type=\"divider.default\">\n\t\t\t\t<div class=\"elementor-widget-container\">\n\t\t\t\t\t\t\t<div class=\"elementor-divider\">\n\t\t\t<span class=\"elementor-divider-separator\">\n\t\t\t\t\t\t<\/span>\n\t\t<\/div>\n\t\t\t\t\t\t<\/div>\n\t\t\t\t<\/div>\n\t\t\t\t<div class=\"elementor-element elementor-element-8345257 elementor-widget elementor-widget-heading\" data-id=\"8345257\" data-element_type=\"widget\" data-e-type=\"widget\" data-widget_type=\"heading.default\">\n\t\t\t\t<div class=\"elementor-widget-container\">\n\t\t\t\t\t<h2 class=\"elementor-heading-title elementor-size-default\">\u00a9 CreativeGraphic 2021<\/h2>\t\t\t\t<\/div>\n\t\t\t\t<\/div>\n\t\t\t\t\t<\/div>\n\t\t<\/div>\n\t\t\t\t<div class=\"elementor-column elementor-col-50 elementor-top-column elementor-element elementor-element-35e5b7b\" data-id=\"35e5b7b\" data-element_type=\"column\" data-e-type=\"column\">\n\t\t\t<div class=\"elementor-widget-wrap elementor-element-populated\">\n\t\t\t\t\t\t<div class=\"elementor-element elementor-element-410c3f9 elementor-widget elementor-widget-heading\" data-id=\"410c3f9\" data-element_type=\"widget\" data-e-type=\"widget\" data-widget_type=\"heading.default\">\n\t\t\t\t<div class=\"elementor-widget-container\">\n\t\t\t\t\t<h2 class=\"elementor-heading-title elementor-size-default\"><a href=\"https:\/\/www.instagram.com\/adrianacolombu\/\" target=\"_blank\">Instagram<\/a><\/h2>\t\t\t\t<\/div>\n\t\t\t\t<\/div>\n\t\t\t\t<div class=\"elementor-element elementor-element-caced5e elementor-hidden-tablet elementor-hidden-phone elementor-widget-divider--view-line elementor-widget elementor-widget-divider\" data-id=\"caced5e\" data-element_type=\"widget\" data-e-type=\"widget\" data-widget_type=\"divider.default\">\n\t\t\t\t<div class=\"elementor-widget-container\">\n\t\t\t\t\t\t\t<div class=\"elementor-divider\">\n\t\t\t<span class=\"elementor-divider-separator\">\n\t\t\t\t\t\t<\/span>\n\t\t<\/div>\n\t\t\t\t\t\t<\/div>\n\t\t\t\t<\/div>\n\t\t\t\t<div class=\"elementor-element elementor-element-2f6d105 elementor-widget elementor-widget-heading\" data-id=\"2f6d105\" data-element_type=\"widget\" data-e-type=\"widget\" data-widget_type=\"heading.default\">\n\t\t\t\t<div class=\"elementor-widget-container\">\n\t\t\t\t\t<h2 class=\"elementor-heading-title elementor-size-default\"><a href=\"https:\/\/www.facebook.com\/AdriColombuArt\" target=\"_blank\">Facebook<\/a><\/h2>\t\t\t\t<\/div>\n\t\t\t\t<\/div>\n\t\t\t\t\t<\/div>\n\t\t<\/div>\n\t\t\t\t\t<\/div>\n\t\t<\/section>\n\t\t\t\t<\/div>\n\t\t","protected":false},"excerpt":{"rendered":"<p>Creative Graphic Adriana Colombu Zeichnen, Grafiken und Logos Kreativit\u00e4t und eine gute Kommunikation f\u00fchrt zum gew\u00fcnschten Ergebnis. Von Werbegrafiken, \u00fcber Logos, bis hin zu handgezeichnete Zeichnungen biete ich Ihnen alles an. Im Portfolio Bereich finden Sie verschiedene Referenzen \u00fcber meine Arbeiten. Egal ob altmodisch oder modern, mein Stil wird auf Ihre Bed\u00fcrfnisse angepasst. \u00a0 Falls&hellip; <a class=\"more-link\" href=\"https:\/\/creativegraphic.ch\/\"><span class=\"screen-reader-text\">Home<\/span> weiterlesen<\/a><\/p>\n","protected":false},"author":1,"featured_media":0,"parent":0,"menu_order":0,"comment_status":"closed","ping_status":"closed","template":"elementor_canvas","meta":{"footnotes":""},"class_list":["post-102","page","type-page","status-publish","hentry","entry"],"aioseo_notices":[],"_links":{"self":[{"href":"https:\/\/creativegraphic.ch\/index.php\/wp-json\/wp\/v2\/pages\/102","targetHints":{"allow":["GET"]}}],"collection":[{"href":"https:\/\/creativegraphic.ch\/index.php\/wp-json\/wp\/v2\/pages"}],"about":[{"href":"https:\/\/creativegraphic.ch\/index.php\/wp-json\/wp\/v2\/types\/page"}],"author":[{"embeddable":true,"href":"https:\/\/creativegraphic.ch\/index.php\/wp-json\/wp\/v2\/users\/1"}],"replies":[{"embeddable":true,"href":"https:\/\/creativegraphic.ch\/index.php\/wp-json\/wp\/v2\/comments?post=102"}],"version-history":[{"count":136,"href":"https:\/\/creativegraphic.ch\/index.php\/wp-json\/wp\/v2\/pages\/102\/revisions"}],"predecessor-version":[{"id":615,"href":"https:\/\/creativegraphic.ch\/index.php\/wp-json\/wp\/v2\/pages\/102\/revisions\/615"}],"wp:attachment":[{"href":"https:\/\/creativegraphic.ch\/index.php\/wp-json\/wp\/v2\/media?parent=102"}],"curies":[{"name":"wp","href":"https:\/\/api.w.org\/{rel}","templated":true}]}}